{"id":340,"date":"2018-05-02T19:21:43","date_gmt":"2018-05-02T19:21:43","guid":{"rendered":"https:\/\/www.flane.com.pa\/blog\/?page_id=340"},"modified":"2020-06-26T06:51:38","modified_gmt":"2020-06-26T06:51:38","slug":"taller-para-la-certificacion-capm-pmp","status":"publish","type":"page","link":"https:\/\/www.flane.com.pa\/blog\/es\/taller-para-la-certificacion-capm-pmp\/","title":{"rendered":"Taller para la certificaci\u00f3n CAPM-PMP"},"content":{"rendered":"<section class=\"l-section wpb_row us_custom_b9a4fcc7 height_small\"><div class=\"l-section-h i-cf\"><div class=\"g-cols vc_row via_flex valign_bottom type_default stacking_default\"><div class=\"vc_col-sm-12 wpb_column vc_column_container\"><div class=\"vc_column-inner us_custom_d01541a0\"><div class=\"wpb_wrapper\"><div class=\"w-image align_center us_animate_fade\"><div class=\"w-image-h\"><img decoding=\"async\" width=\"1500\" height=\"250\" data-src=\"https:\/\/www.flane.com.pa\/blog\/wp-content\/uploads\/2018\/05\/CAPM_PMP4.png\" class=\"attachment-full size-full lazyload\" alt=\"Fast Lane\" data-srcset=\"https:\/\/www.flane.com.pa\/blog\/wp-content\/uploads\/2018\/05\/CAPM_PMP4.png 1500w, https:\/\/www.flane.com.pa\/blog\/wp-content\/uploads\/2018\/05\/CAPM_PMP4-300x50.png 300w, https:\/\/www.flane.com.pa\/blog\/wp-content\/uploads\/2018\/05\/CAPM_PMP4-1024x171.png 1024w\" data-sizes=\"auto, (max-width: 1500px) 100vw, 1500px\" src=\"data:image\/svg+xml;base64,PHN2ZyB3aWR0aD0iMSIgaGVpZ2h0PSIxIiB4bWxucz0iaHR0cDovL3d3dy53My5vcmcvMjAwMC9zdmciPjwvc3ZnPg==\" style=\"--smush-placeholder-width: 1500px; --smush-placeholder-aspect-ratio: 1500\/250;\" \/><\/div><\/div><\/div><\/div><\/div><\/div><\/div><\/section><section class=\"l-section wpb_row us_custom_39428959 height_small\"><div class=\"l-section-h i-cf\"><div class=\"g-cols vc_row via_flex valign_top type_default stacking_default\"><div class=\"vc_col-sm-8 wpb_column vc_column_container\"><div class=\"vc_column-inner us_custom_39428959\"><div class=\"wpb_wrapper\"><div class=\"wpb_text_column\"><div class=\"wpb_wrapper\"><h1>Taller para la certificaci\u00f3n CAPM-PMP<\/h1>\n<h4>Duraci\u00f3n: 40 horas<\/h4>\n<p>Este taller tiene como objetivo explicar cada uno de los cap\u00edtulos del PMBOK\u00ae 6ta Edici\u00f3n donde se Incluye explicaci\u00f3n del proceso, tips y pruebas de simulaci\u00f3n.<\/p>\n<p>El prop\u00f3sito de este m\u00f3dulo es establecer el contacto necesario entre el instructor y los participantes para analizar y evaluar cada una de las catorce tem\u00e1ticas que cubre el examen para la certificaci\u00f3n CAPM o PMP.<\/p>\n<div><\/div>\n<\/div><\/div><\/div><\/div><\/div><div class=\"vc_col-sm-4 wpb_column vc_column_container has_bg_color\"><div class=\"vc_column-inner us_custom_9655b029\"><div class=\"wpb_wrapper\"><div class=\"w-separator size_custom\" style=\"height:32px\"><\/div><div class=\"wpb_text_column us_custom_9466364a\"><div class=\"wpb_wrapper\"><h2 style=\"text-align: center;\"><span style=\"color: #ffffff;\"><strong><span lang=\"es\">Precio: U$ 1,490<\/span><\/strong><\/span><\/h2>\n<\/div><\/div><div class=\"w-separator size_custom\" style=\"height:32px\"><\/div><div class=\"wpb_text_column\"><div class=\"wpb_wrapper\"><h3><span id=\"result_box\" class=\"short_text\" lang=\"es\" tabindex=\"-1\">Informaci\u00f3n:<\/span><\/h3>\n<div>\n<div>Fechas:<\/div>\n<div>JUNIO: 20-26-28<br \/>\nJULIO: 3-5-16-19-24-26 y 31<\/div>\n<div><\/div>\n<div><span lang=\"es\">Formato virtual &#8211;\u00a0<\/span><span lang=\"es\">Sesiones de 4 horas<\/span><\/div>\n<div><span lang=\"es\">Horario: 8:00 \u2013 12:00 hrs (GMT-6)<\/span><\/div>\n<\/div>\n<div><\/div>\n<\/div><\/div><div class=\"w-separator size_custom\" style=\"height:32px\"><\/div><\/div><\/div><\/div><\/div><\/div><\/section><section class=\"l-section wpb_row us_custom_39428959 height_small\"><div class=\"l-section-h i-cf\"><div class=\"g-cols vc_row via_flex valign_top type_default stacking_default\"><div class=\"vc_col-sm-6 wpb_column vc_column_container\"><div class=\"vc_column-inner us_custom_39428959\"><div class=\"wpb_wrapper\"><div class=\"wpb_text_column\"><div class=\"wpb_wrapper\"><h3>Detalle de las sesiones<\/h3>\n<p>Para este m\u00f3dulo se trabaja en diez (10) sesiones (una por semana) de 4 horas, en horario de 8:00 am a 12:00 pm (GMT-6) con la siguiente agenda:<\/p>\n<ul>\n<li>Sesi\u00f3n 1: Introducci\u00f3n, Entorno de los proyectos, Rol del Director de Proyectos<\/li>\n<li>Sesi\u00f3n 2: Gesti\u00f3n de la Integraci\u00f3n del Proyecto<\/li>\n<li>Sesi\u00f3n 3: Gesti\u00f3n del Alcance del Proyecto<\/li>\n<li>Sesi\u00f3n 4: Gesti\u00f3n del Cronograma del Proyecto<\/li>\n<li>Sesi\u00f3n 5: Gesti\u00f3n de los Costos del Proyecto<\/li>\n<li>Sesi\u00f3n 6: Gesti\u00f3n de la Calidad y Recursos del Proyecto<\/li>\n<li>Sesi\u00f3n 7: Gesti\u00f3n de las Comunicaciones y Riesgos del Proyecto<\/li>\n<li>Sesi\u00f3n 8: Gesti\u00f3n de las Adquisiciones del Proyecto<\/li>\n<li>Sesi\u00f3n 9: Gesti\u00f3n de los Interesados del Proyecto<\/li>\n<li>Sesi\u00f3n 10: Prueba de simulaci\u00f3n final<\/li>\n<\/ul>\n<\/div><\/div><\/div><\/div><\/div><div class=\"vc_col-sm-6 wpb_column vc_column_container\"><div class=\"vc_column-inner us_custom_39428959\"><div class=\"wpb_wrapper\"><div class=\"wpb_text_column\"><div class=\"wpb_wrapper\"><h3>Dirigido a:<\/h3>\n<p>Todas aquellas personas que desean estudiar el PMBOK\u00ae detalladamente, utilizando un acompa\u00f1amiento profesional y prepararse para el examen de certificaci\u00f3n ante el PMI.<\/p>\n<h3>Requisito importante:<\/h3>\n<p>El participante debe comprometerse a hacer la lectura del PMBOK\u00ae por semana seg\u00fan se le vaya solicitando.<\/p>\n<h3>Sobre la inversi\u00f3n:<\/h3>\n<ol>\n<li>La inversi\u00f3n incluye el libro y simulador del autor Pablo Lled\u00f3 en formato electr\u00f3nico y otro libro en formato electr\u00f3nico como apoyo de estudio al participante.<\/li>\n<li>La inversi\u00f3n NO INCLUYE el Libro del PMBOK\u00ae 6ta. Edici\u00f3n la cual debe ser adquirida por cada participante.<\/li>\n<\/ol>\n<\/div><\/div><\/div><\/div><\/div><\/div><\/div><\/section><section class=\"l-section wpb_row height_small\"><div class=\"l-section-h i-cf\"><div class=\"g-cols vc_row via_flex valign_top type_default stacking_default\"><div class=\"vc_col-sm-12 wpb_column vc_column_container\"><div class=\"vc_column-inner\"><div class=\"wpb_wrapper\">\n<div class=\"wpcf7 no-js\" id=\"wpcf7-f359-o1\" lang=\"es-ES\" dir=\"ltr\">\n<div class=\"screen-reader-response\"><p role=\"status\" aria-live=\"polite\" aria-atomic=\"true\"><\/p> <ul><\/ul><\/div>\n<form action=\"\/blog\/wp-json\/wp\/v2\/pages\/340#wpcf7-f359-o1\" method=\"post\" class=\"wpcf7-form init\" aria-label=\"Formulario de contacto\" novalidate=\"novalidate\" data-status=\"init\">\n<div style=\"display: none;\">\n<input type=\"hidden\" name=\"_wpcf7\" value=\"359\" \/>\n<input type=\"hidden\" name=\"_wpcf7_version\" value=\"5.9.8\" \/>\n<input type=\"hidden\" name=\"_wpcf7_locale\" value=\"es_ES\" \/>\n<input type=\"hidden\" name=\"_wpcf7_unit_tag\" value=\"wpcf7-f359-o1\" \/>\n<input type=\"hidden\" name=\"_wpcf7_container_post\" value=\"0\" \/>\n<input type=\"hidden\" name=\"_wpcf7_posted_data_hash\" value=\"\" \/>\n<input type=\"hidden\" name=\"_wpcf7_recaptcha_response\" value=\"\" \/>\n<\/div>\n<p><label> Your Name (required)<br \/>\n<span class=\"wpcf7-form-control-wrap\" data-name=\"your-name\"><input size=\"40\" maxlength=\"400\" class=\"wpcf7-form-control wpcf7-text wpcf7-validates-as-required\" aria-required=\"true\" aria-invalid=\"false\" value=\"\" type=\"text\" name=\"your-name\" \/><\/span> <\/label>\n<\/p>\n<p><label> E-mail address (required)<br \/>\n<span class=\"wpcf7-form-control-wrap\" data-name=\"your-email\"><input size=\"40\" maxlength=\"400\" class=\"wpcf7-form-control wpcf7-email wpcf7-validates-as-required wpcf7-text wpcf7-validates-as-email\" aria-required=\"true\" aria-invalid=\"false\" value=\"\" type=\"email\" name=\"your-email\" \/><\/span> <\/label>\n<\/p>\n<p><label> Country<br \/>\n<span class=\"wpcf7-form-control-wrap\" data-name=\"country\"><input size=\"40\" maxlength=\"400\" class=\"wpcf7-form-control wpcf7-text wpcf7-validates-as-required\" aria-required=\"true\" aria-invalid=\"false\" value=\"\" type=\"text\" name=\"country\" \/><\/span> <\/label>\n<\/p>\n<p><label> State\/Province<br \/>\n<span class=\"wpcf7-form-control-wrap\" data-name=\"state\"><input size=\"40\" maxlength=\"400\" class=\"wpcf7-form-control wpcf7-text wpcf7-validates-as-required\" aria-required=\"true\" aria-invalid=\"false\" value=\"\" type=\"text\" name=\"state\" \/><\/span> <\/label>\n<\/p>\n<p><label> City<br \/>\n<span class=\"wpcf7-form-control-wrap\" data-name=\"province\"><input size=\"40\" maxlength=\"400\" class=\"wpcf7-form-control wpcf7-text wpcf7-validates-as-required\" aria-required=\"true\" aria-invalid=\"false\" value=\"\" type=\"text\" name=\"province\" \/><\/span> <\/label>\n<\/p>\n<p><label> Phone number<br \/>\n<span class=\"wpcf7-form-control-wrap\" data-name=\"phone\"><input size=\"40\" maxlength=\"400\" class=\"wpcf7-form-control wpcf7-tel wpcf7-text wpcf7-validates-as-tel\" aria-invalid=\"false\" value=\"\" type=\"tel\" name=\"phone\" \/><\/span> <\/label>\n<\/p>\n<p><label> Organization<br \/>\n<span class=\"wpcf7-form-control-wrap\" data-name=\"organization\"><input size=\"40\" maxlength=\"400\" class=\"wpcf7-form-control wpcf7-text\" aria-invalid=\"false\" value=\"\" type=\"text\" name=\"organization\" \/><\/span><\/label>\n<\/p>\n<p>By clicking this button, you submit your information to the webinar organizer, who will use it to communicate with you regarding this event and their other services.\n<\/p>\n\n<p><input class=\"wpcf7-form-control wpcf7-submit has-spinner\" type=\"submit\" value=\"Send\" \/>\n<\/p><p style=\"display: none !important;\" class=\"akismet-fields-container\" data-prefix=\"_wpcf7_ak_\"><label>&#916;<textarea name=\"_wpcf7_ak_hp_textarea\" cols=\"45\" rows=\"8\" maxlength=\"100\"><\/textarea><\/label><input type=\"hidden\" id=\"ak_js_1\" name=\"_wpcf7_ak_js\" value=\"39\"\/><script>document.getElementById( \"ak_js_1\" ).setAttribute( \"value\", ( new Date() ).getTime() );<\/script><\/p><div class=\"wpcf7-response-output\" aria-hidden=\"true\"><\/div>\n<\/form>\n<\/div>\n<\/div><\/div><\/div><\/div><\/div><\/section>\n","protected":false},"excerpt":{"rendered":"Taller para la certificaci\u00f3n CAPM-PMP Duraci\u00f3n: 40 horas Este taller tiene como objetivo explicar cada uno de los cap\u00edtulos del PMBOK\u00ae 6ta Edici\u00f3n donde se Incluye explicaci\u00f3n del proceso, tips y pruebas de simulaci\u00f3n. El prop\u00f3sito de este m\u00f3dulo es establecer el contacto necesario entre el instructor y los participantes para analizar y evaluar cada...","protected":false},"author":1,"featured_media":0,"parent":0,"menu_order":0,"comment_status":"closed","ping_status":"closed","template":"","meta":{"_acf_changed":false,"footnotes":""},"class_list":["post-340","page","type-page","status-publish","hentry"],"acf":[],"yoast_head":"<!-- This site is optimized with the Yoast SEO plugin v26.6 - https:\/\/yoast.com\/wordpress\/plugins\/seo\/ -->\n<title>Taller para la certificaci\u00f3n CAPM-PMP - TechTalk powered by Fast Lane LATAM<\/title>\n<meta name=\"robots\" content=\"index, follow, max-snippet:-1, max-image-preview:large, max-video-preview:-1\" \/>\n<link rel=\"canonical\" href=\"https:\/\/www.flane.com.pa\/blog\/es\/taller-para-la-certificacion-capm-pmp\/\" \/>\n<meta property=\"og:locale\" content=\"pt_BR\" \/>\n<meta property=\"og:type\" content=\"article\" \/>\n<meta property=\"og:title\" content=\"Taller para la certificaci\u00f3n CAPM-PMP - TechTalk powered by Fast Lane LATAM\" \/>\n<meta property=\"og:url\" content=\"https:\/\/www.flane.com.pa\/blog\/es\/taller-para-la-certificacion-capm-pmp\/\" \/>\n<meta property=\"og:site_name\" content=\"TechTalk powered by Fast Lane LATAM\" \/>\n<meta property=\"article:publisher\" content=\"https:\/\/www.facebook.com\/FastLane.br\" \/>\n<meta property=\"article:modified_time\" content=\"2020-06-26T06:51:38+00:00\" \/>\n<meta name=\"twitter:card\" content=\"summary_large_image\" \/>\n<meta name=\"twitter:site\" content=\"@FastLaneBr\" \/>\n<meta name=\"twitter:label1\" content=\"Est. tempo de leitura\" \/>\n\t<meta name=\"twitter:data1\" content=\"3 minutos\" \/>\n<script type=\"application\/ld+json\" class=\"yoast-schema-graph\">{\"@context\":\"https:\/\/schema.org\",\"@graph\":[{\"@type\":\"WebPage\",\"@id\":\"https:\/\/www.flane.com.pa\/blog\/es\/taller-para-la-certificacion-capm-pmp\/\",\"url\":\"https:\/\/www.flane.com.pa\/blog\/es\/taller-para-la-certificacion-capm-pmp\/\",\"name\":\"Taller para la certificaci\u00f3n CAPM-PMP - TechTalk powered by Fast Lane LATAM\",\"isPartOf\":{\"@id\":\"https:\/\/www.flane.com.pa\/blog\/#website\"},\"datePublished\":\"2018-05-02T19:21:43+00:00\",\"dateModified\":\"2020-06-26T06:51:38+00:00\",\"breadcrumb\":{\"@id\":\"https:\/\/www.flane.com.pa\/blog\/es\/taller-para-la-certificacion-capm-pmp\/#breadcrumb\"},\"inLanguage\":\"pt-BR\",\"potentialAction\":[{\"@type\":\"ReadAction\",\"target\":[\"https:\/\/www.flane.com.pa\/blog\/es\/taller-para-la-certificacion-capm-pmp\/\"]}]},{\"@type\":\"BreadcrumbList\",\"@id\":\"https:\/\/www.flane.com.pa\/blog\/es\/taller-para-la-certificacion-capm-pmp\/#breadcrumb\",\"itemListElement\":[{\"@type\":\"ListItem\",\"position\":1,\"name\":\"Home\",\"item\":\"https:\/\/www.flane.com.pa\/blog\/es\/\"},{\"@type\":\"ListItem\",\"position\":2,\"name\":\"Taller para la certificaci\u00f3n CAPM-PMP\"}]},{\"@type\":\"WebSite\",\"@id\":\"https:\/\/www.flane.com.pa\/blog\/#website\",\"url\":\"https:\/\/www.flane.com.pa\/blog\/\",\"name\":\"TechTalk powered by Fast Lane LATAM\",\"description\":\"Compartir ideas y conocimientos sobre capacitaci\u00f3n y certificaci\u00f3n de TI\",\"publisher\":{\"@id\":\"https:\/\/www.flane.com.pa\/blog\/#organization\"},\"potentialAction\":[{\"@type\":\"SearchAction\",\"target\":{\"@type\":\"EntryPoint\",\"urlTemplate\":\"https:\/\/www.flane.com.pa\/blog\/?s={search_term_string}\"},\"query-input\":{\"@type\":\"PropertyValueSpecification\",\"valueRequired\":true,\"valueName\":\"search_term_string\"}}],\"inLanguage\":\"pt-BR\"},{\"@type\":\"Organization\",\"@id\":\"https:\/\/www.flane.com.pa\/blog\/#organization\",\"name\":\"Fast Lane Brasil\",\"url\":\"https:\/\/www.flane.com.pa\/blog\/\",\"logo\":{\"@type\":\"ImageObject\",\"inLanguage\":\"pt-BR\",\"@id\":\"https:\/\/www.flane.com.pa\/blog\/#\/schema\/logo\/image\/\",\"url\":\"https:\/\/www.flane.com.pa\/blog\/wp-content\/uploads\/2019\/10\/fast-lane-ng3.png\",\"contentUrl\":\"https:\/\/www.flane.com.pa\/blog\/wp-content\/uploads\/2019\/10\/fast-lane-ng3.png\",\"width\":209,\"height\":31,\"caption\":\"Fast Lane Brasil\"},\"image\":{\"@id\":\"https:\/\/www.flane.com.pa\/blog\/#\/schema\/logo\/image\/\"},\"sameAs\":[\"https:\/\/www.facebook.com\/FastLane.br\",\"https:\/\/x.com\/FastLaneBr\",\"https:\/\/www.instagram.com\/fastlane.br\/\",\"https:\/\/www.linkedin.com\/company\/fastlanebr\"]}]}<\/script>\n<!-- \/ Yoast SEO plugin. -->","yoast_head_json":{"title":"Taller para la certificaci\u00f3n CAPM-PMP - TechTalk powered by Fast Lane LATAM","robots":{"index":"index","follow":"follow","max-snippet":"max-snippet:-1","max-image-preview":"max-image-preview:large","max-video-preview":"max-video-preview:-1"},"canonical":"https:\/\/www.flane.com.pa\/blog\/es\/taller-para-la-certificacion-capm-pmp\/","og_locale":"pt_BR","og_type":"article","og_title":"Taller para la certificaci\u00f3n CAPM-PMP - TechTalk powered by Fast Lane LATAM","og_url":"https:\/\/www.flane.com.pa\/blog\/es\/taller-para-la-certificacion-capm-pmp\/","og_site_name":"TechTalk powered by Fast Lane LATAM","article_publisher":"https:\/\/www.facebook.com\/FastLane.br","article_modified_time":"2020-06-26T06:51:38+00:00","twitter_card":"summary_large_image","twitter_site":"@FastLaneBr","twitter_misc":{"Est. tempo de leitura":"3 minutos"},"schema":{"@context":"https:\/\/schema.org","@graph":[{"@type":"WebPage","@id":"https:\/\/www.flane.com.pa\/blog\/es\/taller-para-la-certificacion-capm-pmp\/","url":"https:\/\/www.flane.com.pa\/blog\/es\/taller-para-la-certificacion-capm-pmp\/","name":"Taller para la certificaci\u00f3n CAPM-PMP - TechTalk powered by Fast Lane LATAM","isPartOf":{"@id":"https:\/\/www.flane.com.pa\/blog\/#website"},"datePublished":"2018-05-02T19:21:43+00:00","dateModified":"2020-06-26T06:51:38+00:00","breadcrumb":{"@id":"https:\/\/www.flane.com.pa\/blog\/es\/taller-para-la-certificacion-capm-pmp\/#breadcrumb"},"inLanguage":"pt-BR","potentialAction":[{"@type":"ReadAction","target":["https:\/\/www.flane.com.pa\/blog\/es\/taller-para-la-certificacion-capm-pmp\/"]}]},{"@type":"BreadcrumbList","@id":"https:\/\/www.flane.com.pa\/blog\/es\/taller-para-la-certificacion-capm-pmp\/#breadcrumb","itemListElement":[{"@type":"ListItem","position":1,"name":"Home","item":"https:\/\/www.flane.com.pa\/blog\/es\/"},{"@type":"ListItem","position":2,"name":"Taller para la certificaci\u00f3n CAPM-PMP"}]},{"@type":"WebSite","@id":"https:\/\/www.flane.com.pa\/blog\/#website","url":"https:\/\/www.flane.com.pa\/blog\/","name":"TechTalk powered by Fast Lane LATAM","description":"Compartir ideas y conocimientos sobre capacitaci\u00f3n y certificaci\u00f3n de TI","publisher":{"@id":"https:\/\/www.flane.com.pa\/blog\/#organization"},"potentialAction":[{"@type":"SearchAction","target":{"@type":"EntryPoint","urlTemplate":"https:\/\/www.flane.com.pa\/blog\/?s={search_term_string}"},"query-input":{"@type":"PropertyValueSpecification","valueRequired":true,"valueName":"search_term_string"}}],"inLanguage":"pt-BR"},{"@type":"Organization","@id":"https:\/\/www.flane.com.pa\/blog\/#organization","name":"Fast Lane Brasil","url":"https:\/\/www.flane.com.pa\/blog\/","logo":{"@type":"ImageObject","inLanguage":"pt-BR","@id":"https:\/\/www.flane.com.pa\/blog\/#\/schema\/logo\/image\/","url":"https:\/\/www.flane.com.pa\/blog\/wp-content\/uploads\/2019\/10\/fast-lane-ng3.png","contentUrl":"https:\/\/www.flane.com.pa\/blog\/wp-content\/uploads\/2019\/10\/fast-lane-ng3.png","width":209,"height":31,"caption":"Fast Lane Brasil"},"image":{"@id":"https:\/\/www.flane.com.pa\/blog\/#\/schema\/logo\/image\/"},"sameAs":["https:\/\/www.facebook.com\/FastLane.br","https:\/\/x.com\/FastLaneBr","https:\/\/www.instagram.com\/fastlane.br\/","https:\/\/www.linkedin.com\/company\/fastlanebr"]}]}},"_links":{"self":[{"href":"https:\/\/www.flane.com.pa\/blog\/wp-json\/wp\/v2\/pages\/340","targetHints":{"allow":["GET"]}}],"collection":[{"href":"https:\/\/www.flane.com.pa\/blog\/wp-json\/wp\/v2\/pages"}],"about":[{"href":"https:\/\/www.flane.com.pa\/blog\/wp-json\/wp\/v2\/types\/page"}],"author":[{"embeddable":true,"href":"https:\/\/www.flane.com.pa\/blog\/wp-json\/wp\/v2\/users\/1"}],"replies":[{"embeddable":true,"href":"https:\/\/www.flane.com.pa\/blog\/wp-json\/wp\/v2\/comments?post=340"}],"version-history":[{"count":35,"href":"https:\/\/www.flane.com.pa\/blog\/wp-json\/wp\/v2\/pages\/340\/revisions"}],"predecessor-version":[{"id":5460,"href":"https:\/\/www.flane.com.pa\/blog\/wp-json\/wp\/v2\/pages\/340\/revisions\/5460"}],"wp:attachment":[{"href":"https:\/\/www.flane.com.pa\/blog\/wp-json\/wp\/v2\/media?parent=340"}],"curies":[{"name":"wp","href":"https:\/\/api.w.org\/{rel}","templated":true}]}}