{"id":6661,"date":"2021-06-14T17:57:02","date_gmt":"2021-06-14T20:57:02","guid":{"rendered":"https:\/\/www.flane.com.pa\/blog\/?page_id=6661"},"modified":"2022-01-05T18:57:45","modified_gmt":"2022-01-05T21:57:45","slug":"googlecloud","status":"publish","type":"page","link":"https:\/\/www.flane.com.pa\/blog\/es\/espanol\/googlecloud\/","title":{"rendered":"Google Cloud"},"content":{"rendered":"<section class=\"l-section wpb_row height_small with_img parallax_ver\"><div class=\"l-section-img lazyload\" role=\"img\" data-img-width=\"2000\" data-img-height=\"2012\" style=\"background-image:inherit;\" data-bg-image=\"url(https:\/\/www.flane.com.pa\/blog\/wp-content\/uploads\/2021\/06\/fundo.png)\"><\/div><div class=\"l-section-h i-cf\"><div class=\"g-cols vc_row via_flex valign_top type_default stacking_default\"><div class=\"vc_col-sm-10 wpb_column vc_column_container has_text_color\"><div class=\"vc_column-inner us_custom_6df4bc3a\"><div class=\"wpb_wrapper\"><div class=\"wpb_text_column\"><div class=\"wpb_wrapper\"><h1>Google Cloud<\/h1>\n<\/div><\/div><\/div><\/div><\/div><div class=\"vc_col-sm-2 wpb_column vc_column_container\"><div class=\"vc_column-inner\"><div class=\"wpb_wrapper\"><div class=\"w-image align_none\"><div class=\"w-image-h\"><img decoding=\"async\" width=\"410\" height=\"200\" data-src=\"https:\/\/www.flane.com.pa\/blog\/wp-content\/uploads\/2018\/09\/google.png\" class=\"attachment-large size-large lazyload\" alt=\"\" data-srcset=\"https:\/\/www.flane.com.pa\/blog\/wp-content\/uploads\/2018\/09\/google.png 410w, https:\/\/www.flane.com.pa\/blog\/wp-content\/uploads\/2018\/09\/google-300x146.png 300w\" data-sizes=\"auto, (max-width: 410px) 100vw, 410px\" src=\"data:image\/svg+xml;base64,PHN2ZyB3aWR0aD0iMSIgaGVpZ2h0PSIxIiB4bWxucz0iaHR0cDovL3d3dy53My5vcmcvMjAwMC9zdmciPjwvc3ZnPg==\" style=\"--smush-placeholder-width: 410px; --smush-placeholder-aspect-ratio: 410\/200;\" \/><\/div><\/div><\/div><\/div><\/div><\/div><\/div><\/section><section class=\"l-section wpb_row height_small\"><div class=\"l-section-h i-cf\"><div class=\"g-cols vc_row via_flex valign_top type_default stacking_default\"><div class=\"vc_col-sm-8 wpb_column vc_column_container\"><div class=\"vc_column-inner\"><div class=\"wpb_wrapper\"><div class=\"w-grid type_grid layout_blog_8 hidden overflow_hidden\" id=\"us_grid_1\" style=\"--gap:1.5rem;\" data-filterable=\"true\"><style>.layout_blog_8 .w-grid-item-h{}@media(max-width:599px){.layout_blog_8 .usg_post_date_1{display:none!important}}@media(max-width:599px){.layout_blog_8 .usg_post_content_1{display:none!important}}.layout_blog_8 .usg_post_image_1{width:50%!important}.layout_blog_8 .usg_vwrapper_1{width:50%!important;margin-right:0!important}.layout_blog_8 .usg_hwrapper_2{margin-bottom:0!important}.layout_blog_8 .usg_post_taxonomy_1{font-size:14px!important;line-height:1.4!important;font-weight:700!important;text-transform:uppercase!important;margin-right:0.8rem!important}.layout_blog_8 .usg_post_date_1{color:var(--color-content-faded)!important;font-size:14px!important;line-height:1.4!important}.layout_blog_8 .usg_post_title_1{color:var(--color-content-heading)!important;font-size:1.8rem!important;line-height:1.2!important;margin-right:-35%!important;margin-bottom:0!important;padding-top:1rem!important;padding-right:1.2rem!important;padding-bottom:1rem!important;background:var(--color-content-bg)!important}.layout_blog_8 .usg_post_content_1{font-size:0.9rem!important;line-height:1.6!important;padding-right:1.5rem!important}@media (max-width:600px){.layout_blog_8 .usg_post_title_1{font-size:1.2rem!important;margin-right:0!important;padding-bottom:0!important}}<\/style><div class=\"w-grid-list\"><\/div><div class=\"w-grid-preloader\">\t<div class=\"g-preloader type_1\">\r\n\t\t<div><\/div>\r\n\t<\/div>\r\n\t<\/div>\t<div class=\"w-grid-json hidden\" onclick='return {&quot;action&quot;:&quot;us_ajax_grid&quot;,&quot;infinite_scroll&quot;:0,&quot;max_num_pages&quot;:0,&quot;pagination&quot;:&quot;none&quot;,&quot;template_vars&quot;:{&quot;columns&quot;:&quot;1&quot;,&quot;exclude_items&quot;:&quot;none&quot;,&quot;img_size&quot;:&quot;default&quot;,&quot;ignore_items_size&quot;:0,&quot;items_layout&quot;:&quot;blog_8&quot;,&quot;items_offset&quot;:&quot;1&quot;,&quot;load_animation&quot;:&quot;none&quot;,&quot;overriding_link&quot;:&quot;{\\&quot;url\\&quot;:\\&quot;\\&quot;}&quot;,&quot;post_id&quot;:0,&quot;query_args&quot;:{&quot;post_type&quot;:[&quot;post&quot;],&quot;tax_query&quot;:[{&quot;taxonomy&quot;:&quot;category&quot;,&quot;field&quot;:&quot;slug&quot;,&quot;terms&quot;:[&quot;espanol&quot;]},{&quot;taxonomy&quot;:&quot;post_tag&quot;,&quot;field&quot;:&quot;slug&quot;,&quot;terms&quot;:[&quot;google-cloud&quot;,&quot;google&quot;]}],&quot;post_status&quot;:[&quot;publish&quot;,&quot;acf-disabled&quot;],&quot;posts_per_page&quot;:&quot;1&quot;},&quot;orderby_query_args&quot;:{&quot;orderby&quot;:{&quot;date&quot;:&quot;DESC&quot;}},&quot;type&quot;:&quot;grid&quot;,&quot;us_grid_post_type&quot;:&quot;post&quot;,&quot;us_grid_ajax_index&quot;:1,&quot;us_grid_filter_query_string&quot;:null,&quot;us_grid_index&quot;:1,&quot;page_args&quot;:[]}}'><\/div>\r\n\t<\/div><div class=\"w-grid-none type_message\">Nenhum resultado encontrado.<\/div><\/div><\/div><\/div><div class=\"vc_col-sm-4 wpb_column vc_column_container\"><div class=\"vc_column-inner\"><div class=\"wpb_wrapper\"><div class=\"w-image align_none\"><a target=\"_blank\" rel=\"nofollow\" href=\"https:\/\/www.flane.com.pa\/promo-cisco\" aria-label=\"Cisco-multicloud-2021-insta\" class=\"w-image-h\"><img decoding=\"async\" width=\"1024\" height=\"1024\" data-src=\"https:\/\/www.flane.com.pa\/blog\/wp-content\/uploads\/2021\/06\/Cisco-multicloud-2021-insta-1024x1024.png\" class=\"attachment-large size-large lazyload\" alt=\"\" data-srcset=\"https:\/\/www.flane.com.pa\/blog\/wp-content\/uploads\/2021\/06\/Cisco-multicloud-2021-insta-1024x1024.png 1024w, https:\/\/www.flane.com.pa\/blog\/wp-content\/uploads\/2021\/06\/Cisco-multicloud-2021-insta-300x300.png 300w, https:\/\/www.flane.com.pa\/blog\/wp-content\/uploads\/2021\/06\/Cisco-multicloud-2021-insta-150x150.png 150w, https:\/\/www.flane.com.pa\/blog\/wp-content\/uploads\/2021\/06\/Cisco-multicloud-2021-insta-600x600.png 600w, https:\/\/www.flane.com.pa\/blog\/wp-content\/uploads\/2021\/06\/Cisco-multicloud-2021-insta.png 1080w\" data-sizes=\"auto, (max-width: 1024px) 100vw, 1024px\" src=\"data:image\/svg+xml;base64,PHN2ZyB3aWR0aD0iMSIgaGVpZ2h0PSIxIiB4bWxucz0iaHR0cDovL3d3dy53My5vcmcvMjAwMC9zdmciPjwvc3ZnPg==\" style=\"--smush-placeholder-width: 1024px; --smush-placeholder-aspect-ratio: 1024\/1024;\" \/><\/a><\/div><\/div><\/div><\/div><\/div><\/div><\/section><section class=\"l-section wpb_row height_small with_img\"><div class=\"l-section-img lazyload\" role=\"img\" data-img-width=\"2741\" data-img-height=\"2009\" style=\"background-image:inherit;\" data-bg-image=\"url(https:\/\/www.flane.com.pa\/blog\/wp-content\/uploads\/2021\/02\/FL-fundo1.png)\"><\/div><div class=\"l-section-h i-cf\"><div class=\"g-cols vc_row via_flex valign_top type_default stacking_default\"><div class=\"vc_col-sm-12 wpb_column vc_column_container\"><div class=\"vc_column-inner\"><div class=\"wpb_wrapper\"><div class=\"g-cols wpb_row via_flex valign_top type_default stacking_default\"><div class=\"vc_col-sm-12 wpb_column vc_column_container\"><div class=\"vc_column-inner\"><div class=\"wpb_wrapper\"><h3 class=\"w-text us_custom_cfada43f has_text_color icon_atleft\"><a target=\"_blank\" rel=\"nofollow\" href=\"https:\/\/www.youtube.com\/watch?v=85Vl2A1ynuA\" class=\"w-text-h\"><i class=\"fab fa-youtube\"><\/i><span class=\"w-text-value\">Fast Lane no Youtube<\/span><\/a><\/h3><\/div><\/div><\/div><\/div><div class=\"w-separator size_small\"><\/div><div class=\"g-cols wpb_row via_flex valign_top type_default stacking_default\"><div class=\"vc_col-sm-4 wpb_column vc_column_container\"><div class=\"vc_column-inner\"><div class=\"wpb_wrapper\"><div class=\"w-video align_center ratio_16x9 has_iframe confirm_load\" data-cookie-name=\"youtube_load_confirmed\"><div class=\"w-video-h\"><script type=\"text\/template\">PGlmcmFtZSB0aXRsZT0iWW91dHViZSB2aWRlbyBwbGF5ZXIiIHNyYz0iLy93d3cueW91dHViZS5jb20vZW1iZWQvZmlZMGRGT1h1UjQ\/YXV0b3BsYXk9MCZjb250cm9scz0xJm9yaWdpbj1odHRwczovL3d3dy5mbGFuZS5jb20ucGEvYmxvZyZsb29wPTAmbXV0ZT0wIiBhbGxvd2Z1bGxzY3JlZW49IjEiIGxvYWRpbmc9ImxhenkiPjwvaWZyYW1lPg==<\/script><div class=\"w-video-privacy\"><p>Ao carregar este v\u00eddeo, voc\u00ea concorda com a pol\u00edtica de privacidade do <a href=\"https:\/\/policies.google.com\/privacy\" target=\"_blank\" rel=\"nofollow noreferrer\">Youtube<\/a>.<\/p><p><label><input type=\"checkbox\" name=\"youtube_load_confirmed[]\" value=\"0\"><span>Sempre carregar v\u00eddeos do Youtube neste site.<\/span><\/label><\/p><p><button class=\"w-btn us-btn-style_1 action_confirm_load\" type=\"button\"><span class=\"w-btn-label\">Carregar v\u00eddeo<\/span><\/button><\/p><\/div><\/div><div class=\"w-video-icon\" style=\"font-size:1.5rem;background:rgba(0,0,0,0.5);color:#fff\"><\/div><\/div><\/div><\/div><\/div><div class=\"vc_col-sm-4 wpb_column vc_column_container\"><div class=\"vc_column-inner\"><div class=\"wpb_wrapper\"><div class=\"w-video align_center ratio_16x9 has_iframe confirm_load\" data-cookie-name=\"youtube_load_confirmed\"><div class=\"w-video-h\"><script type=\"text\/template\">PGlmcmFtZSB0aXRsZT0iWW91dHViZSB2aWRlbyBwbGF5ZXIiIHNyYz0iLy93d3cueW91dHViZS5jb20vZW1iZWQvQm40Vnl4eVloVEE\/YXV0b3BsYXk9MCZjb250cm9scz0xJm9yaWdpbj1odHRwczovL3d3dy5mbGFuZS5jb20ucGEvYmxvZyZsb29wPTAmbXV0ZT0wIiBhbGxvd2Z1bGxzY3JlZW49IjEiIGxvYWRpbmc9ImxhenkiPjwvaWZyYW1lPg==<\/script><div class=\"w-video-privacy\"><p>Ao carregar este v\u00eddeo, voc\u00ea concorda com a pol\u00edtica de privacidade do <a href=\"https:\/\/policies.google.com\/privacy\" target=\"_blank\" rel=\"nofollow noreferrer\">Youtube<\/a>.<\/p><p><label><input type=\"checkbox\" name=\"youtube_load_confirmed[]\" value=\"0\"><span>Sempre carregar v\u00eddeos do Youtube neste site.<\/span><\/label><\/p><p><button class=\"w-btn us-btn-style_1 action_confirm_load\" type=\"button\"><span class=\"w-btn-label\">Carregar v\u00eddeo<\/span><\/button><\/p><\/div><\/div><div class=\"w-video-icon\" style=\"font-size:1.5rem;background:rgba(0,0,0,0.5);color:#fff\"><\/div><\/div><\/div><\/div><\/div><div class=\"vc_col-sm-4 wpb_column vc_column_container\"><div class=\"vc_column-inner\"><div class=\"wpb_wrapper\"><div class=\"w-video align_center ratio_16x9 has_iframe confirm_load\" data-cookie-name=\"youtube_load_confirmed\"><div class=\"w-video-h\"><script type=\"text\/template\">PGlmcmFtZSB0aXRsZT0iWW91dHViZSB2aWRlbyBwbGF5ZXIiIHNyYz0iLy93d3cueW91dHViZS5jb20vZW1iZWQvTVQzeFJ5UWgydGc\/YXV0b3BsYXk9MCZjb250cm9scz0xJm9yaWdpbj1odHRwczovL3d3dy5mbGFuZS5jb20ucGEvYmxvZyZsb29wPTAmbXV0ZT0wIiBhbGxvd2Z1bGxzY3JlZW49IjEiIGxvYWRpbmc9ImxhenkiPjwvaWZyYW1lPg==<\/script><div class=\"w-video-privacy\"><p>Ao carregar este v\u00eddeo, voc\u00ea concorda com a pol\u00edtica de privacidade do <a href=\"https:\/\/policies.google.com\/privacy\" target=\"_blank\" rel=\"nofollow noreferrer\">Youtube<\/a>.<\/p><p><label><input type=\"checkbox\" name=\"youtube_load_confirmed[]\" value=\"0\"><span>Sempre carregar v\u00eddeos do Youtube neste site.<\/span><\/label><\/p><p><button class=\"w-btn us-btn-style_1 action_confirm_load\" type=\"button\"><span class=\"w-btn-label\">Carregar v\u00eddeo<\/span><\/button><\/p><\/div><\/div><div class=\"w-video-icon\" style=\"font-size:1.5rem;background:rgba(0,0,0,0.5);color:#fff\"><\/div><\/div><\/div><\/div><\/div><\/div><\/div><\/div><\/div><\/div><\/div><\/section><section class=\"l-section wpb_row height_small\"><div class=\"l-section-h i-cf\"><div class=\"g-cols vc_row via_flex valign_top type_default stacking_default\"><div class=\"vc_col-sm-12 wpb_column vc_column_container\"><div class=\"vc_column-inner\"><div class=\"wpb_wrapper\"><div class=\"w-grid type_grid layout_4987 hidden cols_3 pagination_ajax overflow_hidden\" id=\"us_grid_2\" style=\"--gap:5px;\" data-filterable=\"true\"><style>.layout_4987 .w-grid-item-h{background:#ffffff;color:#000000;border-radius:0.3rem;box-shadow:0 0.03rem 0.06rem rgba(0,0,0,0.1),0 0.1rem 0.3rem rgba(0,0,0,0.1);transition-duration:0.3s}.no-touch .layout_4987 .w-grid-item-h:hover{box-shadow:0 0.1rem 0.2rem rgba(0,0,0,0.1),0 0.33rem 1rem rgba(0,0,0,0.15);z-index:4}.layout_4987 .usg_post_title_1{font-size:1.4rem!important;font-weight:700!important}.layout_4987 .usg_vwrapper_1{padding:9% 11% 11% 11%!important}@media (max-width:600px){.layout_4987 .usg_post_title_1{font-size:1.2rem!important}}<\/style><div class=\"w-grid-list\"><\/div><div class=\"w-grid-preloader\">\t<div class=\"g-preloader type_1\">\r\n\t\t<div><\/div>\r\n\t<\/div>\r\n\t<\/div>\t<div class=\"w-grid-json hidden\" onclick='return {&quot;action&quot;:&quot;us_ajax_grid&quot;,&quot;infinite_scroll&quot;:0,&quot;max_num_pages&quot;:0,&quot;pagination&quot;:&quot;ajax&quot;,&quot;template_vars&quot;:{&quot;columns&quot;:&quot;3&quot;,&quot;exclude_items&quot;:&quot;prev&quot;,&quot;img_size&quot;:&quot;us_600_600_crop&quot;,&quot;ignore_items_size&quot;:0,&quot;items_layout&quot;:&quot;4987&quot;,&quot;items_offset&quot;:&quot;1&quot;,&quot;load_animation&quot;:&quot;none&quot;,&quot;overriding_link&quot;:&quot;{\\&quot;url\\&quot;:\\&quot;\\&quot;}&quot;,&quot;post_id&quot;:0,&quot;query_args&quot;:{&quot;post_type&quot;:[&quot;post&quot;],&quot;tax_query&quot;:[{&quot;taxonomy&quot;:&quot;category&quot;,&quot;field&quot;:&quot;slug&quot;,&quot;terms&quot;:[&quot;espanol&quot;]},{&quot;taxonomy&quot;:&quot;post_tag&quot;,&quot;field&quot;:&quot;slug&quot;,&quot;terms&quot;:[&quot;google&quot;,&quot;google-cloud&quot;]}],&quot;post_status&quot;:[&quot;publish&quot;,&quot;acf-disabled&quot;],&quot;posts_per_page&quot;:&quot;10&quot;},&quot;orderby_query_args&quot;:{&quot;orderby&quot;:{&quot;date&quot;:&quot;DESC&quot;}},&quot;type&quot;:&quot;grid&quot;,&quot;us_grid_post_type&quot;:&quot;post&quot;,&quot;us_grid_ajax_index&quot;:2,&quot;us_grid_filter_query_string&quot;:null,&quot;us_grid_index&quot;:2,&quot;page_args&quot;:[]}}'><\/div>\r\n\t<\/div><div class=\"w-grid-none type_message\">Nenhum resultado encontrado.<\/div><\/div><\/div><\/div><\/div><\/div><\/section><!-- Row Backgrounds --><div class=\"upb_color\" data-bg-override=\"0\" data-bg-color=\"#ededed\" data-fadeout=\"\" data-fadeout-percentage=\"30\" data-parallax-content=\"\" data-parallax-content-sense=\"30\" data-row-effect-mobile-disable=\"true\" data-img-parallax-mobile-disable=\"true\" data-rtl=\"false\"  data-custom-vc-row=\"\"  data-vc=\"8.3\"  data-is_old_vc=\"\"  data-theme-support=\"\"   data-overlay=\"false\" data-overlay-color=\"\" data-overlay-pattern=\"\" data-overlay-pattern-opacity=\"\" data-overlay-pattern-size=\"\"    ><\/div>\n","protected":false},"excerpt":{"rendered":"Google Cloud Nenhum resultado encontrado.Fast Lane no YoutubeAo carregar este v\u00eddeo, voc\u00ea concorda com a pol\u00edtica de privacidade do Youtube.Sempre carregar v\u00eddeos do Youtube neste site.Carregar v\u00eddeoAo carregar este v\u00eddeo, voc\u00ea concorda com a pol\u00edtica de privacidade do Youtube.Sempre carregar v\u00eddeos do Youtube neste site.Carregar v\u00eddeoAo carregar este v\u00eddeo, voc\u00ea concorda com a pol\u00edtica de...","protected":false},"author":4,"featured_media":0,"parent":6489,"menu_order":0,"comment_status":"closed","ping_status":"closed","template":"","meta":{"_acf_changed":false,"footnotes":""},"class_list":["post-6661","page","type-page","status-publish","hentry"],"acf":[],"yoast_head":"<!-- This site is optimized with the Yoast SEO plugin v26.6 - https:\/\/yoast.com\/wordpress\/plugins\/seo\/ -->\n<title>Google Cloud - TechTalk powered by Fast Lane LATAM<\/title>\n<meta name=\"robots\" content=\"index, follow, max-snippet:-1, max-image-preview:large, max-video-preview:-1\" \/>\n<link rel=\"canonical\" href=\"https:\/\/www.flane.com.pa\/blog\/es\/espanol\/googlecloud\/\" \/>\n<meta property=\"og:locale\" content=\"pt_BR\" \/>\n<meta property=\"og:type\" content=\"article\" \/>\n<meta property=\"og:title\" content=\"Google Cloud - TechTalk powered by Fast Lane LATAM\" \/>\n<meta property=\"og:url\" content=\"https:\/\/www.flane.com.pa\/blog\/es\/espanol\/googlecloud\/\" \/>\n<meta property=\"og:site_name\" content=\"TechTalk powered by Fast Lane LATAM\" \/>\n<meta property=\"article:publisher\" content=\"https:\/\/www.facebook.com\/FastLane.br\" \/>\n<meta property=\"article:modified_time\" content=\"2022-01-05T21:57:45+00:00\" \/>\n<meta name=\"twitter:card\" content=\"summary_large_image\" \/>\n<meta name=\"twitter:site\" content=\"@FastLaneBr\" \/>\n<meta name=\"twitter:label1\" content=\"Est. tempo de leitura\" \/>\n\t<meta name=\"twitter:data1\" content=\"2 minutos\" \/>\n<script type=\"application\/ld+json\" class=\"yoast-schema-graph\">{\"@context\":\"https:\/\/schema.org\",\"@graph\":[{\"@type\":\"WebPage\",\"@id\":\"https:\/\/www.flane.com.pa\/blog\/es\/espanol\/googlecloud\/\",\"url\":\"https:\/\/www.flane.com.pa\/blog\/es\/espanol\/googlecloud\/\",\"name\":\"Google Cloud - TechTalk powered by Fast Lane LATAM\",\"isPartOf\":{\"@id\":\"https:\/\/www.flane.com.pa\/blog\/#website\"},\"datePublished\":\"2021-06-14T20:57:02+00:00\",\"dateModified\":\"2022-01-05T21:57:45+00:00\",\"breadcrumb\":{\"@id\":\"https:\/\/www.flane.com.pa\/blog\/es\/espanol\/googlecloud\/#breadcrumb\"},\"inLanguage\":\"pt-BR\",\"potentialAction\":[{\"@type\":\"ReadAction\",\"target\":[\"https:\/\/www.flane.com.pa\/blog\/es\/espanol\/googlecloud\/\"]}]},{\"@type\":\"BreadcrumbList\",\"@id\":\"https:\/\/www.flane.com.pa\/blog\/es\/espanol\/googlecloud\/#breadcrumb\",\"itemListElement\":[{\"@type\":\"ListItem\",\"position\":1,\"name\":\"Home\",\"item\":\"https:\/\/www.flane.com.pa\/blog\/es\/\"},{\"@type\":\"ListItem\",\"position\":2,\"name\":\"Fast Lane Blog &#8211; Espa\u00f1ol\",\"item\":\"https:\/\/www.flane.com.pa\/blog\/espanol\/\"},{\"@type\":\"ListItem\",\"position\":3,\"name\":\"Google Cloud\"}]},{\"@type\":\"WebSite\",\"@id\":\"https:\/\/www.flane.com.pa\/blog\/#website\",\"url\":\"https:\/\/www.flane.com.pa\/blog\/\",\"name\":\"TechTalk powered by Fast Lane LATAM\",\"description\":\"Sharing ideas and knowledge on IT training and certification\",\"publisher\":{\"@id\":\"https:\/\/www.flane.com.pa\/blog\/#organization\"},\"potentialAction\":[{\"@type\":\"SearchAction\",\"target\":{\"@type\":\"EntryPoint\",\"urlTemplate\":\"https:\/\/www.flane.com.pa\/blog\/?s={search_term_string}\"},\"query-input\":{\"@type\":\"PropertyValueSpecification\",\"valueRequired\":true,\"valueName\":\"search_term_string\"}}],\"inLanguage\":\"pt-BR\"},{\"@type\":\"Organization\",\"@id\":\"https:\/\/www.flane.com.pa\/blog\/#organization\",\"name\":\"Fast Lane Brasil\",\"url\":\"https:\/\/www.flane.com.pa\/blog\/\",\"logo\":{\"@type\":\"ImageObject\",\"inLanguage\":\"pt-BR\",\"@id\":\"https:\/\/www.flane.com.pa\/blog\/#\/schema\/logo\/image\/\",\"url\":\"https:\/\/www.flane.com.pa\/blog\/wp-content\/uploads\/2019\/10\/fast-lane-ng3.png\",\"contentUrl\":\"https:\/\/www.flane.com.pa\/blog\/wp-content\/uploads\/2019\/10\/fast-lane-ng3.png\",\"width\":209,\"height\":31,\"caption\":\"Fast Lane Brasil\"},\"image\":{\"@id\":\"https:\/\/www.flane.com.pa\/blog\/#\/schema\/logo\/image\/\"},\"sameAs\":[\"https:\/\/www.facebook.com\/FastLane.br\",\"https:\/\/x.com\/FastLaneBr\",\"https:\/\/www.instagram.com\/fastlane.br\/\",\"https:\/\/www.linkedin.com\/company\/fastlanebr\"]}]}<\/script>\n<!-- \/ Yoast SEO plugin. -->","yoast_head_json":{"title":"Google Cloud - TechTalk powered by Fast Lane LATAM","robots":{"index":"index","follow":"follow","max-snippet":"max-snippet:-1","max-image-preview":"max-image-preview:large","max-video-preview":"max-video-preview:-1"},"canonical":"https:\/\/www.flane.com.pa\/blog\/es\/espanol\/googlecloud\/","og_locale":"pt_BR","og_type":"article","og_title":"Google Cloud - TechTalk powered by Fast Lane LATAM","og_url":"https:\/\/www.flane.com.pa\/blog\/es\/espanol\/googlecloud\/","og_site_name":"TechTalk powered by Fast Lane LATAM","article_publisher":"https:\/\/www.facebook.com\/FastLane.br","article_modified_time":"2022-01-05T21:57:45+00:00","twitter_card":"summary_large_image","twitter_site":"@FastLaneBr","twitter_misc":{"Est. tempo de leitura":"2 minutos"},"schema":{"@context":"https:\/\/schema.org","@graph":[{"@type":"WebPage","@id":"https:\/\/www.flane.com.pa\/blog\/es\/espanol\/googlecloud\/","url":"https:\/\/www.flane.com.pa\/blog\/es\/espanol\/googlecloud\/","name":"Google Cloud - TechTalk powered by Fast Lane LATAM","isPartOf":{"@id":"https:\/\/www.flane.com.pa\/blog\/#website"},"datePublished":"2021-06-14T20:57:02+00:00","dateModified":"2022-01-05T21:57:45+00:00","breadcrumb":{"@id":"https:\/\/www.flane.com.pa\/blog\/es\/espanol\/googlecloud\/#breadcrumb"},"inLanguage":"pt-BR","potentialAction":[{"@type":"ReadAction","target":["https:\/\/www.flane.com.pa\/blog\/es\/espanol\/googlecloud\/"]}]},{"@type":"BreadcrumbList","@id":"https:\/\/www.flane.com.pa\/blog\/es\/espanol\/googlecloud\/#breadcrumb","itemListElement":[{"@type":"ListItem","position":1,"name":"Home","item":"https:\/\/www.flane.com.pa\/blog\/es\/"},{"@type":"ListItem","position":2,"name":"Fast Lane Blog &#8211; Espa\u00f1ol","item":"https:\/\/www.flane.com.pa\/blog\/espanol\/"},{"@type":"ListItem","position":3,"name":"Google Cloud"}]},{"@type":"WebSite","@id":"https:\/\/www.flane.com.pa\/blog\/#website","url":"https:\/\/www.flane.com.pa\/blog\/","name":"TechTalk powered by Fast Lane LATAM","description":"Sharing ideas and knowledge on IT training and certification","publisher":{"@id":"https:\/\/www.flane.com.pa\/blog\/#organization"},"potentialAction":[{"@type":"SearchAction","target":{"@type":"EntryPoint","urlTemplate":"https:\/\/www.flane.com.pa\/blog\/?s={search_term_string}"},"query-input":{"@type":"PropertyValueSpecification","valueRequired":true,"valueName":"search_term_string"}}],"inLanguage":"pt-BR"},{"@type":"Organization","@id":"https:\/\/www.flane.com.pa\/blog\/#organization","name":"Fast Lane Brasil","url":"https:\/\/www.flane.com.pa\/blog\/","logo":{"@type":"ImageObject","inLanguage":"pt-BR","@id":"https:\/\/www.flane.com.pa\/blog\/#\/schema\/logo\/image\/","url":"https:\/\/www.flane.com.pa\/blog\/wp-content\/uploads\/2019\/10\/fast-lane-ng3.png","contentUrl":"https:\/\/www.flane.com.pa\/blog\/wp-content\/uploads\/2019\/10\/fast-lane-ng3.png","width":209,"height":31,"caption":"Fast Lane Brasil"},"image":{"@id":"https:\/\/www.flane.com.pa\/blog\/#\/schema\/logo\/image\/"},"sameAs":["https:\/\/www.facebook.com\/FastLane.br","https:\/\/x.com\/FastLaneBr","https:\/\/www.instagram.com\/fastlane.br\/","https:\/\/www.linkedin.com\/company\/fastlanebr"]}]}},"_links":{"self":[{"href":"https:\/\/www.flane.com.pa\/blog\/wp-json\/wp\/v2\/pages\/6661","targetHints":{"allow":["GET"]}}],"collection":[{"href":"https:\/\/www.flane.com.pa\/blog\/wp-json\/wp\/v2\/pages"}],"about":[{"href":"https:\/\/www.flane.com.pa\/blog\/wp-json\/wp\/v2\/types\/page"}],"author":[{"embeddable":true,"href":"https:\/\/www.flane.com.pa\/blog\/wp-json\/wp\/v2\/users\/4"}],"replies":[{"embeddable":true,"href":"https:\/\/www.flane.com.pa\/blog\/wp-json\/wp\/v2\/comments?post=6661"}],"version-history":[{"count":1,"href":"https:\/\/www.flane.com.pa\/blog\/wp-json\/wp\/v2\/pages\/6661\/revisions"}],"predecessor-version":[{"id":6662,"href":"https:\/\/www.flane.com.pa\/blog\/wp-json\/wp\/v2\/pages\/6661\/revisions\/6662"}],"up":[{"embeddable":true,"href":"https:\/\/www.flane.com.pa\/blog\/wp-json\/wp\/v2\/pages\/6489"}],"wp:attachment":[{"href":"https:\/\/www.flane.com.pa\/blog\/wp-json\/wp\/v2\/media?parent=6661"}],"curies":[{"name":"wp","href":"https:\/\/api.w.org\/{rel}","templated":true}]}}