{"id":9856,"date":"2024-08-23T11:54:33","date_gmt":"2024-08-23T14:54:33","guid":{"rendered":"https:\/\/www.flane.com.pa\/blog\/?page_id=9856"},"modified":"2024-09-18T00:48:56","modified_gmt":"2024-09-18T03:48:56","slug":"newsletter","status":"publish","type":"page","link":"https:\/\/www.flane.com.pa\/blog\/es\/newsletter\/","title":{"rendered":"Newsletter"},"content":{"rendered":"<section class=\"l-section wpb_row height_medium with_img parallax_ver\"><div class=\"l-section-img lazyload\" role=\"img\" data-img-width=\"2560\" data-img-height=\"1463\" style=\"background-image:inherit;\" data-bg-image=\"url(https:\/\/www.flane.com.pa\/blog\/wp-content\/uploads\/2024\/09\/Firefly-Faca-um-fundo-de-tela-com-elementos-de-tecnologia-cyber-seguranca-AI.-Mostre-informacoes-e-scaled.jpg)\"><\/div><div class=\"l-section-overlay\" style=\"background:rgba(174,27,41,0.87)\"><\/div><div class=\"l-section-h i-cf\"><div class=\"g-cols vc_row via_flex valign_middle type_default stacking_default\"><div class=\"vc_col-sm-12 wpb_column vc_column_container has_text_color\"><div class=\"vc_column-inner us_custom_8b3d6790\"><div class=\"wpb_wrapper\"><div class=\"w-separator size_medium\"><\/div><div class=\"w-iconbox iconpos_left style_outlined color_contrast align_left no_text no_title\"><div class=\"w-iconbox-icon\" style=\"font-size:2rem;\"><i class=\"fas fa-newspaper\"><\/i><\/div><div class=\"w-iconbox-meta\"><\/div><\/div><div class=\"wpb_text_column\"><div class=\"wpb_wrapper\"><h1>Suscr\u00edbase al bolet\u00edn de TechTalk<\/h1>\n<\/div><\/div><div class=\"w-separator size_small\"><\/div><div class=\"wpb_text_column\"><div class=\"wpb_wrapper\"><p>Y ent\u00e9rese de todas las novedades en el blog, res\u00famenes mensuales, ofertas de Fast Lane, promociones, nuevos programas de formaci\u00f3n y mucho m\u00e1s.<\/p>\n<\/div><\/div><\/div><\/div><\/div><\/div><\/div><\/section><section class=\"l-section wpb_row height_small\"><div class=\"l-section-h i-cf\"><div class=\"g-cols vc_row via_flex valign_top type_default stacking_default\"><div class=\"vc_col-sm-12 wpb_column vc_column_container\"><div class=\"vc_column-inner\"><div class=\"wpb_wrapper\"><div class=\"w-html\"><div role=\"main\" id=\"news-blog-latam-cdeba526d5a04d6b1eae\"><\/div><script type=\"text\/javascript\" src=\"https:\/\/d335luupugsy2.cloudfront.net\/js\/rdstation-forms\/stable\/rdstation-forms.min.js\"><\/script><script type=\"text\/javascript\"> new RDStationForms('news-blog-latam-cdeba526d5a04d6b1eae', 'UA-7628661-1').createForm();<\/script><\/div><\/div><\/div><\/div><\/div><\/div><\/section>\n","protected":false},"excerpt":{"rendered":"Suscr\u00edbase al bolet\u00edn de TechTalk Y ent\u00e9rese de todas las novedades en el blog, res\u00famenes mensuales, ofertas de Fast Lane, promociones, nuevos programas de formaci\u00f3n y mucho m\u00e1s.","protected":false},"author":4,"featured_media":0,"parent":0,"menu_order":0,"comment_status":"closed","ping_status":"closed","template":"","meta":{"_acf_changed":false,"footnotes":""},"class_list":["post-9856","page","type-page","status-publish","hentry"],"acf":[],"yoast_head":"<!-- This site is optimized with the Yoast SEO plugin v26.6 - https:\/\/yoast.com\/wordpress\/plugins\/seo\/ -->\n<title>Newsletter - TechTalk powered by Fast Lane LATAM<\/title>\n<meta name=\"robots\" content=\"index, follow, max-snippet:-1, max-image-preview:large, max-video-preview:-1\" \/>\n<link rel=\"canonical\" href=\"https:\/\/www.flane.com.pa\/blog\/es\/newsletter\/\" \/>\n<meta property=\"og:locale\" content=\"pt_BR\" \/>\n<meta property=\"og:type\" content=\"article\" \/>\n<meta property=\"og:title\" content=\"Newsletter - TechTalk powered by Fast Lane LATAM\" \/>\n<meta property=\"og:url\" content=\"https:\/\/www.flane.com.pa\/blog\/es\/newsletter\/\" \/>\n<meta property=\"og:site_name\" content=\"TechTalk powered by Fast Lane LATAM\" \/>\n<meta property=\"article:publisher\" content=\"https:\/\/www.facebook.com\/FastLane.br\" \/>\n<meta property=\"article:modified_time\" content=\"2024-09-18T03:48:56+00:00\" \/>\n<meta name=\"twitter:card\" content=\"summary_large_image\" \/>\n<meta name=\"twitter:site\" content=\"@FastLaneBr\" \/>\n<meta name=\"twitter:label1\" content=\"Est. tempo de leitura\" \/>\n\t<meta name=\"twitter:data1\" content=\"1 minuto\" \/>\n<script type=\"application\/ld+json\" class=\"yoast-schema-graph\">{\"@context\":\"https:\/\/schema.org\",\"@graph\":[{\"@type\":\"WebPage\",\"@id\":\"https:\/\/www.flane.com.pa\/blog\/es\/newsletter\/\",\"url\":\"https:\/\/www.flane.com.pa\/blog\/es\/newsletter\/\",\"name\":\"Newsletter - TechTalk powered by Fast Lane LATAM\",\"isPartOf\":{\"@id\":\"https:\/\/www.flane.com.pa\/blog\/#website\"},\"datePublished\":\"2024-08-23T14:54:33+00:00\",\"dateModified\":\"2024-09-18T03:48:56+00:00\",\"breadcrumb\":{\"@id\":\"https:\/\/www.flane.com.pa\/blog\/es\/newsletter\/#breadcrumb\"},\"inLanguage\":\"pt-BR\",\"potentialAction\":[{\"@type\":\"ReadAction\",\"target\":[\"https:\/\/www.flane.com.pa\/blog\/es\/newsletter\/\"]}]},{\"@type\":\"BreadcrumbList\",\"@id\":\"https:\/\/www.flane.com.pa\/blog\/es\/newsletter\/#breadcrumb\",\"itemListElement\":[{\"@type\":\"ListItem\",\"position\":1,\"name\":\"Home\",\"item\":\"https:\/\/www.flane.com.pa\/blog\/es\/\"},{\"@type\":\"ListItem\",\"position\":2,\"name\":\"Newsletter\"}]},{\"@type\":\"WebSite\",\"@id\":\"https:\/\/www.flane.com.pa\/blog\/#website\",\"url\":\"https:\/\/www.flane.com.pa\/blog\/\",\"name\":\"TechTalk powered by Fast Lane LATAM\",\"description\":\"Sharing ideas and knowledge on IT training and certification\",\"publisher\":{\"@id\":\"https:\/\/www.flane.com.pa\/blog\/#organization\"},\"potentialAction\":[{\"@type\":\"SearchAction\",\"target\":{\"@type\":\"EntryPoint\",\"urlTemplate\":\"https:\/\/www.flane.com.pa\/blog\/?s={search_term_string}\"},\"query-input\":{\"@type\":\"PropertyValueSpecification\",\"valueRequired\":true,\"valueName\":\"search_term_string\"}}],\"inLanguage\":\"pt-BR\"},{\"@type\":\"Organization\",\"@id\":\"https:\/\/www.flane.com.pa\/blog\/#organization\",\"name\":\"Fast Lane Brasil\",\"url\":\"https:\/\/www.flane.com.pa\/blog\/\",\"logo\":{\"@type\":\"ImageObject\",\"inLanguage\":\"pt-BR\",\"@id\":\"https:\/\/www.flane.com.pa\/blog\/#\/schema\/logo\/image\/\",\"url\":\"https:\/\/www.flane.com.pa\/blog\/wp-content\/uploads\/2019\/10\/fast-lane-ng3.png\",\"contentUrl\":\"https:\/\/www.flane.com.pa\/blog\/wp-content\/uploads\/2019\/10\/fast-lane-ng3.png\",\"width\":209,\"height\":31,\"caption\":\"Fast Lane Brasil\"},\"image\":{\"@id\":\"https:\/\/www.flane.com.pa\/blog\/#\/schema\/logo\/image\/\"},\"sameAs\":[\"https:\/\/www.facebook.com\/FastLane.br\",\"https:\/\/x.com\/FastLaneBr\",\"https:\/\/www.instagram.com\/fastlane.br\/\",\"https:\/\/www.linkedin.com\/company\/fastlanebr\"]}]}<\/script>\n<!-- \/ Yoast SEO plugin. -->","yoast_head_json":{"title":"Newsletter - TechTalk powered by Fast Lane LATAM","robots":{"index":"index","follow":"follow","max-snippet":"max-snippet:-1","max-image-preview":"max-image-preview:large","max-video-preview":"max-video-preview:-1"},"canonical":"https:\/\/www.flane.com.pa\/blog\/es\/newsletter\/","og_locale":"pt_BR","og_type":"article","og_title":"Newsletter - TechTalk powered by Fast Lane LATAM","og_url":"https:\/\/www.flane.com.pa\/blog\/es\/newsletter\/","og_site_name":"TechTalk powered by Fast Lane LATAM","article_publisher":"https:\/\/www.facebook.com\/FastLane.br","article_modified_time":"2024-09-18T03:48:56+00:00","twitter_card":"summary_large_image","twitter_site":"@FastLaneBr","twitter_misc":{"Est. tempo de leitura":"1 minuto"},"schema":{"@context":"https:\/\/schema.org","@graph":[{"@type":"WebPage","@id":"https:\/\/www.flane.com.pa\/blog\/es\/newsletter\/","url":"https:\/\/www.flane.com.pa\/blog\/es\/newsletter\/","name":"Newsletter - TechTalk powered by Fast Lane LATAM","isPartOf":{"@id":"https:\/\/www.flane.com.pa\/blog\/#website"},"datePublished":"2024-08-23T14:54:33+00:00","dateModified":"2024-09-18T03:48:56+00:00","breadcrumb":{"@id":"https:\/\/www.flane.com.pa\/blog\/es\/newsletter\/#breadcrumb"},"inLanguage":"pt-BR","potentialAction":[{"@type":"ReadAction","target":["https:\/\/www.flane.com.pa\/blog\/es\/newsletter\/"]}]},{"@type":"BreadcrumbList","@id":"https:\/\/www.flane.com.pa\/blog\/es\/newsletter\/#breadcrumb","itemListElement":[{"@type":"ListItem","position":1,"name":"Home","item":"https:\/\/www.flane.com.pa\/blog\/es\/"},{"@type":"ListItem","position":2,"name":"Newsletter"}]},{"@type":"WebSite","@id":"https:\/\/www.flane.com.pa\/blog\/#website","url":"https:\/\/www.flane.com.pa\/blog\/","name":"TechTalk powered by Fast Lane LATAM","description":"Sharing ideas and knowledge on IT training and certification","publisher":{"@id":"https:\/\/www.flane.com.pa\/blog\/#organization"},"potentialAction":[{"@type":"SearchAction","target":{"@type":"EntryPoint","urlTemplate":"https:\/\/www.flane.com.pa\/blog\/?s={search_term_string}"},"query-input":{"@type":"PropertyValueSpecification","valueRequired":true,"valueName":"search_term_string"}}],"inLanguage":"pt-BR"},{"@type":"Organization","@id":"https:\/\/www.flane.com.pa\/blog\/#organization","name":"Fast Lane Brasil","url":"https:\/\/www.flane.com.pa\/blog\/","logo":{"@type":"ImageObject","inLanguage":"pt-BR","@id":"https:\/\/www.flane.com.pa\/blog\/#\/schema\/logo\/image\/","url":"https:\/\/www.flane.com.pa\/blog\/wp-content\/uploads\/2019\/10\/fast-lane-ng3.png","contentUrl":"https:\/\/www.flane.com.pa\/blog\/wp-content\/uploads\/2019\/10\/fast-lane-ng3.png","width":209,"height":31,"caption":"Fast Lane Brasil"},"image":{"@id":"https:\/\/www.flane.com.pa\/blog\/#\/schema\/logo\/image\/"},"sameAs":["https:\/\/www.facebook.com\/FastLane.br","https:\/\/x.com\/FastLaneBr","https:\/\/www.instagram.com\/fastlane.br\/","https:\/\/www.linkedin.com\/company\/fastlanebr"]}]}},"_links":{"self":[{"href":"https:\/\/www.flane.com.pa\/blog\/wp-json\/wp\/v2\/pages\/9856","targetHints":{"allow":["GET"]}}],"collection":[{"href":"https:\/\/www.flane.com.pa\/blog\/wp-json\/wp\/v2\/pages"}],"about":[{"href":"https:\/\/www.flane.com.pa\/blog\/wp-json\/wp\/v2\/types\/page"}],"author":[{"embeddable":true,"href":"https:\/\/www.flane.com.pa\/blog\/wp-json\/wp\/v2\/users\/4"}],"replies":[{"embeddable":true,"href":"https:\/\/www.flane.com.pa\/blog\/wp-json\/wp\/v2\/comments?post=9856"}],"version-history":[{"count":11,"href":"https:\/\/www.flane.com.pa\/blog\/wp-json\/wp\/v2\/pages\/9856\/revisions"}],"predecessor-version":[{"id":10069,"href":"https:\/\/www.flane.com.pa\/blog\/wp-json\/wp\/v2\/pages\/9856\/revisions\/10069"}],"wp:attachment":[{"href":"https:\/\/www.flane.com.pa\/blog\/wp-json\/wp\/v2\/media?parent=9856"}],"curies":[{"name":"wp","href":"https:\/\/api.w.org\/{rel}","templated":true}]}}